{"id":1069,"date":"2024-04-22T19:50:15","date_gmt":"2024-04-22T17:50:15","guid":{"rendered":"https:\/\/studio-thil.restaurant-absinthe.fr\/?page_id=1069"},"modified":"2024-06-06T10:48:58","modified_gmt":"2024-06-06T08:48:58","slug":"carte-cadeau","status":"publish","type":"page","link":"https:\/\/restaurant-absinthe.fr\/en\/carte-cadeau\/","title":{"rendered":"Gift card"},"content":{"rendered":"<div class=\"wpb-content-wrapper\"><div  class=\"vc_row vc-row-wrapper full_width_content vc_custom_1713809691945\" data-parallax_sense=\"30\"><div class=\"wpb_row row\" >\n\t<div class=\"twelve columns vc-column-extra-class-6a09d31c16ac9 vc_custom_1713808298361\" data-parallax_sense=\"30\">\n\t\t<div class=\"wpb_wrapper\">\n\t\t\t<div class=\"vc-row-wrapper vc_inner vc_row-fluid dfd-inner-row-6a09d31c16d59\"><div class=\"row wpb_row\"><div class=\"dfd-enable-custom-column-effect vc-column-hover-6a09d31c16fd3 columns six vc_custom_1713808423323\"><div class=\"wpb_wrapper\">\n\t<div class=\"wpb_text_column wpb_content_element\" >\n\t\t<div class=\"wpb_wrapper\">\n\t\t\t<p>En offrant une carte cadeau du Restaurant L\u2019Absinthe, vous offrez bien plus qu\u2019un repas : c\u2019est une invitation \u00e0 partager un moment de bonheur, une d\u00e9couverte culinaire et une escapade dans le riche patrimoine de Saint-Malo. Disponible en restaurant ou en ligne, choisissez la valeur qui vous convient et laissez vos proches vivre une aventure gustative inoubliable, \u00e0 leur convenance. <strong>Valable un an<\/strong> sur l&rsquo;ensemble de notre offre culinaire et de nos boissons, cette carte cadeau est la cl\u00e9 d&rsquo;une exp\u00e9rience gastronomique exceptionnelle au c\u0153ur de Saint-Malo Intramuros. Que ce soit pour un d\u00eener romantique, un d\u00e9jeuner en famille ou un moment convivial entre amis, la carte cadeau L&rsquo;Absinthe ouvre les portes d&rsquo;un univers o\u00f9 les saveurs bretonnes se m\u00ealent \u00e0 la cr\u00e9ativit\u00e9 de notre cuisine, dans un cadre historique et chaleureux.<\/p>\n\n\t\t<\/div> \n\t<\/div> <\/div><script type=\"text\/javascript\">(function($) {$(\"head\").append(\"<style>.vc-column-hover-6a09d31c16fd3 {-webkit-box-shadow: none;-moz-box-shadow: none;-o-box-shadow: none;box-shadow: none;}.vc-column-hover-6a09d31c16fd3:hover {-webkit-box-shadow: none;-moz-box-shadow: none;-o-box-shadow: none;box-shadow: none; z-index: 1;}<\/style>\");})(jQuery);<\/script><\/div><div class=\"vc-column-hover-6a09d31c172c7 columns six\"><div class=\"wpb_wrapper\"><div id=\"dfd-single-image-module6a09d31c17771-3872\" class=\"dfd-single-image-module  image-center  dfd-img-lazy-load\" ><img loading=\"lazy\" decoding=\"async\" src=\"data:image\/svg+xml;charset=utf-8,%3Csvg xmlns%3D'http%3A%2F%2Fwww.w3.org%2F2000%2Fsvg' viewBox%3D'0 0 980 739'%2F%3E\" data-src=\"https:\/\/restaurant-absinthe.fr\/wp-content\/uploads\/2024\/04\/Carte-cadeau-presentation.png\" width=\"980\" height=\"739\"  alt=\"Image module\" \/><\/div><\/div><\/div><\/div><\/div>\n\t\t<\/div> \n\t<\/div> \n\t<div class=\"six columns vc-column-extra-class-6a09d31c17855\" data-parallax_sense=\"30\">\n\t\t<div class=\"wpb_wrapper\">\n\t\t\t\n\t\t<\/div> \n\t<\/div> \n\t<div class=\"six columns vc-column-extra-class-6a09d31c17915 vc_custom_1713808451709\" data-parallax_sense=\"30\">\n\t\t<div class=\"wpb_wrapper\">\n\t\t\t\n\t\t<\/div> \n\t<\/div> \n\t<div class=\"twelve columns vc-column-extra-class-6a09d31c179b6\" data-parallax_sense=\"30\">\n\t\t<div class=\"wpb_wrapper\">\n\t\t\t\n\t\t<\/div> \n\t<\/div> <\/div><div class=\"dfd-row-bg-overlay\" style=\"opacity: 0.8;\"><\/div><\/div>\n<\/div>","protected":false},"excerpt":{"rendered":"En offrant une carte cadeau du Restaurant L\u2019Absinthe, vous offrez bien plus qu\u2019un repas : c\u2019est une invitation \u00e0 partager un moment de bonheur, une d\u00e9couverte culinaire et une escapade","protected":false},"author":1,"featured_media":0,"parent":0,"menu_order":0,"comment_status":"closed","ping_status":"closed","template":"page-custom-with-header.php","meta":{"footnotes":""},"class_list":["post-1069","page","type-page","status-publish","hentry"],"yoast_head":"<!-- This site is optimized with the Yoast SEO plugin v27.5 - https:\/\/yoast.com\/product\/yoast-seo-wordpress\/ -->\n<title>Carte cadeau - Restaurant L&#039;absinthe | Saint-Malo Intramuros<\/title>\n<meta name=\"robots\" content=\"index, follow, max-snippet:-1, max-image-preview:large, max-video-preview:-1\" \/>\n<link rel=\"canonical\" href=\"https:\/\/restaurant-absinthe.fr\/en\/carte-cadeau\/\" \/>\n<meta property=\"og:locale\" content=\"en_GB\" \/>\n<meta property=\"og:type\" content=\"article\" \/>\n<meta property=\"og:title\" content=\"Carte cadeau - Restaurant L&#039;absinthe | Saint-Malo Intramuros\" \/>\n<meta property=\"og:url\" content=\"https:\/\/restaurant-absinthe.fr\/en\/carte-cadeau\/\" \/>\n<meta property=\"og:site_name\" content=\"Restaurant L&#039;absinthe | Saint-Malo Intramuros\" \/>\n<meta property=\"article:modified_time\" content=\"2024-06-06T08:48:58+00:00\" \/>\n<meta name=\"twitter:card\" content=\"summary_large_image\" \/>\n<meta name=\"twitter:label1\" content=\"Estimated reading time\" \/>\n\t<meta name=\"twitter:data1\" content=\"3 minutes\" \/>\n<script type=\"application\/ld+json\" class=\"yoast-schema-graph\">{\"@context\":\"https:\\\/\\\/schema.org\",\"@graph\":[{\"@type\":\"WebPage\",\"@id\":\"https:\\\/\\\/restaurant-absinthe.fr\\\/carte-cadeau\\\/\",\"url\":\"https:\\\/\\\/restaurant-absinthe.fr\\\/carte-cadeau\\\/\",\"name\":\"Carte cadeau - Restaurant L&#039;absinthe | Saint-Malo Intramuros\",\"isPartOf\":{\"@id\":\"https:\\\/\\\/restaurant-absinthe.fr\\\/#website\"},\"datePublished\":\"2024-04-22T17:50:15+00:00\",\"dateModified\":\"2024-06-06T08:48:58+00:00\",\"breadcrumb\":{\"@id\":\"https:\\\/\\\/restaurant-absinthe.fr\\\/carte-cadeau\\\/#breadcrumb\"},\"inLanguage\":\"en-GB\",\"potentialAction\":[{\"@type\":\"ReadAction\",\"target\":[\"https:\\\/\\\/restaurant-absinthe.fr\\\/carte-cadeau\\\/\"]}]},{\"@type\":\"BreadcrumbList\",\"@id\":\"https:\\\/\\\/restaurant-absinthe.fr\\\/carte-cadeau\\\/#breadcrumb\",\"itemListElement\":[{\"@type\":\"ListItem\",\"position\":1,\"name\":\"Accueil\",\"item\":\"https:\\\/\\\/restaurant-absinthe.fr\\\/\"},{\"@type\":\"ListItem\",\"position\":2,\"name\":\"Carte cadeau\"}]},{\"@type\":\"WebSite\",\"@id\":\"https:\\\/\\\/restaurant-absinthe.fr\\\/#website\",\"url\":\"https:\\\/\\\/restaurant-absinthe.fr\\\/\",\"name\":\"Restaurant L&#039;absinthe | Saint-Malo Intramuros\",\"description\":\"Votre restaurant bistronomique au c\u0153ur de la cit\u00e9 corsaire\",\"potentialAction\":[{\"@type\":\"SearchAction\",\"target\":{\"@type\":\"EntryPoint\",\"urlTemplate\":\"https:\\\/\\\/restaurant-absinthe.fr\\\/?s={search_term_string}\"},\"query-input\":{\"@type\":\"PropertyValueSpecification\",\"valueRequired\":true,\"valueName\":\"search_term_string\"}}],\"inLanguage\":\"en-GB\"}]}<\/script>\n<!-- \/ Yoast SEO plugin. -->","yoast_head_json":{"title":"Carte cadeau - Restaurant L&#039;absinthe | Saint-Malo Intramuros","robots":{"index":"index","follow":"follow","max-snippet":"max-snippet:-1","max-image-preview":"max-image-preview:large","max-video-preview":"max-video-preview:-1"},"canonical":"https:\/\/restaurant-absinthe.fr\/en\/carte-cadeau\/","og_locale":"en_GB","og_type":"article","og_title":"Carte cadeau - Restaurant L&#039;absinthe | Saint-Malo Intramuros","og_url":"https:\/\/restaurant-absinthe.fr\/en\/carte-cadeau\/","og_site_name":"Restaurant L&#039;absinthe | Saint-Malo Intramuros","article_modified_time":"2024-06-06T08:48:58+00:00","twitter_card":"summary_large_image","twitter_misc":{"Estimated reading time":"3 minutes"},"schema":{"@context":"https:\/\/schema.org","@graph":[{"@type":"WebPage","@id":"https:\/\/restaurant-absinthe.fr\/carte-cadeau\/","url":"https:\/\/restaurant-absinthe.fr\/carte-cadeau\/","name":"Carte cadeau - Restaurant L&#039;absinthe | Saint-Malo Intramuros","isPartOf":{"@id":"https:\/\/restaurant-absinthe.fr\/#website"},"datePublished":"2024-04-22T17:50:15+00:00","dateModified":"2024-06-06T08:48:58+00:00","breadcrumb":{"@id":"https:\/\/restaurant-absinthe.fr\/carte-cadeau\/#breadcrumb"},"inLanguage":"en-GB","potentialAction":[{"@type":"ReadAction","target":["https:\/\/restaurant-absinthe.fr\/carte-cadeau\/"]}]},{"@type":"BreadcrumbList","@id":"https:\/\/restaurant-absinthe.fr\/carte-cadeau\/#breadcrumb","itemListElement":[{"@type":"ListItem","position":1,"name":"Accueil","item":"https:\/\/restaurant-absinthe.fr\/"},{"@type":"ListItem","position":2,"name":"Carte cadeau"}]},{"@type":"WebSite","@id":"https:\/\/restaurant-absinthe.fr\/#website","url":"https:\/\/restaurant-absinthe.fr\/","name":"Restaurant L&#039;absinthe | Saint-Malo Intramuros","description":"Votre restaurant bistronomique au c\u0153ur de la cit\u00e9 corsaire","potentialAction":[{"@type":"SearchAction","target":{"@type":"EntryPoint","urlTemplate":"https:\/\/restaurant-absinthe.fr\/?s={search_term_string}"},"query-input":{"@type":"PropertyValueSpecification","valueRequired":true,"valueName":"search_term_string"}}],"inLanguage":"en-GB"}]}},"_links":{"self":[{"href":"https:\/\/restaurant-absinthe.fr\/en\/wp-json\/wp\/v2\/pages\/1069","targetHints":{"allow":["GET"]}}],"collection":[{"href":"https:\/\/restaurant-absinthe.fr\/en\/wp-json\/wp\/v2\/pages"}],"about":[{"href":"https:\/\/restaurant-absinthe.fr\/en\/wp-json\/wp\/v2\/types\/page"}],"author":[{"embeddable":true,"href":"https:\/\/restaurant-absinthe.fr\/en\/wp-json\/wp\/v2\/users\/1"}],"replies":[{"embeddable":true,"href":"https:\/\/restaurant-absinthe.fr\/en\/wp-json\/wp\/v2\/comments?post=1069"}],"version-history":[{"count":5,"href":"https:\/\/restaurant-absinthe.fr\/en\/wp-json\/wp\/v2\/pages\/1069\/revisions"}],"predecessor-version":[{"id":1132,"href":"https:\/\/restaurant-absinthe.fr\/en\/wp-json\/wp\/v2\/pages\/1069\/revisions\/1132"}],"wp:attachment":[{"href":"https:\/\/restaurant-absinthe.fr\/en\/wp-json\/wp\/v2\/media?parent=1069"}],"curies":[{"name":"wp","href":"https:\/\/api.w.org\/{rel}","templated":true}]}}